{"id":8013,"date":"2024-08-25T09:11:31","date_gmt":"2024-08-25T09:11:31","guid":{"rendered":"https:\/\/8-30.pl\/?post_type=product&#038;p=8013"},"modified":"2024-08-26T11:09:48","modified_gmt":"2024-08-26T11:09:48","slug":"concretne-grey-2-kopia-kopia-kopia","status":"publish","type":"product","link":"https:\/\/8-30.pl\/en\/produkt\/concretne-grey-2-kopia-kopia-kopia\/","title":{"rendered":"Concretne Verde"},"content":{"rendered":"","protected":false},"excerpt":{"rendered":"<h4>Minimalist concrete pendant lamp &#8211; siena<\/h4>\n<p> Made of mineral concrete with blue pigment. Simple lamp without a shade. It can be installed traditionally to the ceiling or on the walls using decorative handles, railings, etc. This way hanging lamp Concretne beside fulfilling its basic role of lighting, it is also an excellent element of interior decoration. The process of concrete hardens results in the fact that each lamp has its own unique structure.     <strong>Choose your cable color that will make your lamp even more unique.<\/strong><\/p>\n","protected":false},"featured_media":8005,"template":"","meta":[],"product_brand":[],"product_cat":[185],"product_tag":[318,331,356,328,330,314,310,311,333,332,326,322,312,323,324,320,321,325,329],"class_list":{"0":"post-8013","1":"product","2":"type-product","3":"status-publish","4":"has-post-thumbnail","6":"product_cat-pendant","7":"product_tag-beton-en","8":"product_tag-concrete-lamp-en","9":"product_tag-grey-lamp","10":"product_tag-interior-lightining-en","11":"product_tag-lampa-sufitowa-en","12":"product_tag-lamps-en","13":"product_tag-lampy-en","14":"product_tag-lampy-betonowe-en","15":"product_tag-lampy-lofty-en","16":"product_tag-lampy-minimalistyczne-en","17":"product_tag-lampy-sufitowe-en","18":"product_tag-lampy-wewnetrzne-en","19":"product_tag-lampy-wiszace-en","20":"product_tag-light-en","21":"product_tag-lightning-en","22":"product_tag-loft-en","23":"product_tag-oswietlenie-en","24":"product_tag-oswietlenie-domu-en","25":"product_tag-pendant-lamp-en","27":"first","28":"instock","29":"taxable","30":"shipping-taxable","31":"purchasable","32":"product-type-simple"},"yoast_head":"<!-- This site is optimized with the Yoast SEO plugin v27.5 - https:\/\/yoast.com\/product\/yoast-seo-wordpress\/ -->\n<title>Concretne Verde - \u00f3sma trzydzie\u015bci<\/title>\n<meta name=\"robots\" content=\"index, follow, max-snippet:-1, max-image-preview:large, max-video-preview:-1\" \/>\n<link rel=\"canonical\" href=\"https:\/\/8-30.pl\/en\/produkt\/concretne-grey-2-kopia-kopia-kopia\/\" \/>\n<meta property=\"og:locale\" content=\"en_US\" \/>\n<meta property=\"og:type\" content=\"article\" \/>\n<meta property=\"og:title\" content=\"Concretne Verde - \u00f3sma trzydzie\u015bci\" \/>\n<meta property=\"og:description\" content=\"Minimalist concrete pendant lamp - siena Made of mineral concrete with blue pigment. Simple lamp without a shade. It can be installed traditionally to the ceiling or on the walls using decorative handles, railings, etc. This way hanging lamp Concretne beside fulfilling its basic role of lighting, it is also an excellent element of interior decoration. The process of concrete hardens results in the fact that each lamp has its own unique structure.   Choose your cable color that will make your lamp even more unique.\" \/>\n<meta property=\"og:url\" content=\"https:\/\/8-30.pl\/en\/produkt\/concretne-grey-2-kopia-kopia-kopia\/\" \/>\n<meta property=\"og:site_name\" content=\"\u00f3sma trzydzie\u015bci\" \/>\n<meta property=\"article:modified_time\" content=\"2024-08-26T11:09:48+00:00\" \/>\n<meta property=\"og:image\" content=\"https:\/\/8-30.pl\/wp-content\/uploads\/2024\/08\/concretne-verde-8.jpeg\" \/>\n\t<meta property=\"og:image:width\" content=\"1920\" \/>\n\t<meta property=\"og:image:height\" content=\"1920\" \/>\n\t<meta property=\"og:image:type\" content=\"image\/jpeg\" \/>\n<meta name=\"twitter:card\" content=\"summary_large_image\" \/>\n<script type=\"application\/ld+json\" class=\"yoast-schema-graph\">{\"@context\":\"https:\\\/\\\/schema.org\",\"@graph\":[{\"@type\":\"WebPage\",\"@id\":\"https:\\\/\\\/8-30.pl\\\/en\\\/produkt\\\/concretne-grey-2-kopia-kopia-kopia\\\/\",\"url\":\"https:\\\/\\\/8-30.pl\\\/en\\\/produkt\\\/concretne-grey-2-kopia-kopia-kopia\\\/\",\"name\":\"Concretne Verde - \u00f3sma trzydzie\u015bci\",\"isPartOf\":{\"@id\":\"https:\\\/\\\/8-30.pl\\\/en\\\/#website\"},\"primaryImageOfPage\":{\"@id\":\"https:\\\/\\\/8-30.pl\\\/en\\\/produkt\\\/concretne-grey-2-kopia-kopia-kopia\\\/#primaryimage\"},\"image\":{\"@id\":\"https:\\\/\\\/8-30.pl\\\/en\\\/produkt\\\/concretne-grey-2-kopia-kopia-kopia\\\/#primaryimage\"},\"thumbnailUrl\":\"https:\\\/\\\/8-30.pl\\\/wp-content\\\/uploads\\\/2024\\\/08\\\/concretne-verde-8.jpeg\",\"datePublished\":\"2024-08-25T09:11:31+00:00\",\"dateModified\":\"2024-08-26T11:09:48+00:00\",\"breadcrumb\":{\"@id\":\"https:\\\/\\\/8-30.pl\\\/en\\\/produkt\\\/concretne-grey-2-kopia-kopia-kopia\\\/#breadcrumb\"},\"inLanguage\":\"en-US\",\"potentialAction\":[{\"@type\":\"ReadAction\",\"target\":[\"https:\\\/\\\/8-30.pl\\\/en\\\/produkt\\\/concretne-grey-2-kopia-kopia-kopia\\\/\"]}]},{\"@type\":\"ImageObject\",\"inLanguage\":\"en-US\",\"@id\":\"https:\\\/\\\/8-30.pl\\\/en\\\/produkt\\\/concretne-grey-2-kopia-kopia-kopia\\\/#primaryimage\",\"url\":\"https:\\\/\\\/8-30.pl\\\/wp-content\\\/uploads\\\/2024\\\/08\\\/concretne-verde-8.jpeg\",\"contentUrl\":\"https:\\\/\\\/8-30.pl\\\/wp-content\\\/uploads\\\/2024\\\/08\\\/concretne-verde-8.jpeg\",\"width\":1920,\"height\":1920},{\"@type\":\"BreadcrumbList\",\"@id\":\"https:\\\/\\\/8-30.pl\\\/en\\\/produkt\\\/concretne-grey-2-kopia-kopia-kopia\\\/#breadcrumb\",\"itemListElement\":[{\"@type\":\"ListItem\",\"position\":1,\"name\":\"Strona g\u0142\u00f3wna\",\"item\":\"https:\\\/\\\/8-30.pl\\\/en\\\/\"},{\"@type\":\"ListItem\",\"position\":2,\"name\":\"Shop\",\"item\":\"https:\\\/\\\/8-30.pl\\\/en\\\/\"},{\"@type\":\"ListItem\",\"position\":3,\"name\":\"Concretne Verde\"}]},{\"@type\":\"WebSite\",\"@id\":\"https:\\\/\\\/8-30.pl\\\/en\\\/#website\",\"url\":\"https:\\\/\\\/8-30.pl\\\/en\\\/\",\"name\":\"\u00f3sma trzydzie\u015bci\",\"description\":\"Wnosimy \u015bwiat\u0142o i design w Twoje \u017cycie\",\"publisher\":{\"@id\":\"https:\\\/\\\/8-30.pl\\\/en\\\/#organization\"},\"potentialAction\":[{\"@type\":\"SearchAction\",\"target\":{\"@type\":\"EntryPoint\",\"urlTemplate\":\"https:\\\/\\\/8-30.pl\\\/en\\\/?s={search_term_string}\"},\"query-input\":{\"@type\":\"PropertyValueSpecification\",\"valueRequired\":true,\"valueName\":\"search_term_string\"}}],\"inLanguage\":\"en-US\"},{\"@type\":\"Organization\",\"@id\":\"https:\\\/\\\/8-30.pl\\\/en\\\/#organization\",\"name\":\"\u00f3sma trzydzie\u015bci\",\"url\":\"https:\\\/\\\/8-30.pl\\\/en\\\/\",\"logo\":{\"@type\":\"ImageObject\",\"inLanguage\":\"en-US\",\"@id\":\"https:\\\/\\\/8-30.pl\\\/en\\\/#\\\/schema\\\/logo\\\/image\\\/\",\"url\":\"https:\\\/\\\/8-30.pl\\\/wp-content\\\/uploads\\\/2020\\\/10\\\/logo_osmatrzydziesci.png\",\"contentUrl\":\"https:\\\/\\\/8-30.pl\\\/wp-content\\\/uploads\\\/2020\\\/10\\\/logo_osmatrzydziesci.png\",\"width\":512,\"height\":512,\"caption\":\"\u00f3sma trzydzie\u015bci\"},\"image\":{\"@id\":\"https:\\\/\\\/8-30.pl\\\/en\\\/#\\\/schema\\\/logo\\\/image\\\/\"},\"sameAs\":[\"https:\\\/\\\/instagram.com\\\/osmatrzydziesci\\\/\"]}]}<\/script>\n<!-- \/ Yoast SEO plugin. -->","yoast_head_json":{"title":"Concretne Verde - \u00f3sma trzydzie\u015bci","robots":{"index":"index","follow":"follow","max-snippet":"max-snippet:-1","max-image-preview":"max-image-preview:large","max-video-preview":"max-video-preview:-1"},"canonical":"https:\/\/8-30.pl\/en\/produkt\/concretne-grey-2-kopia-kopia-kopia\/","og_locale":"en_US","og_type":"article","og_title":"Concretne Verde - \u00f3sma trzydzie\u015bci","og_description":"Minimalist concrete pendant lamp - siena Made of mineral concrete with blue pigment. Simple lamp without a shade. It can be installed traditionally to the ceiling or on the walls using decorative handles, railings, etc. This way hanging lamp Concretne beside fulfilling its basic role of lighting, it is also an excellent element of interior decoration. The process of concrete hardens results in the fact that each lamp has its own unique structure.   Choose your cable color that will make your lamp even more unique.","og_url":"https:\/\/8-30.pl\/en\/produkt\/concretne-grey-2-kopia-kopia-kopia\/","og_site_name":"\u00f3sma trzydzie\u015bci","article_modified_time":"2024-08-26T11:09:48+00:00","og_image":[{"width":1920,"height":1920,"url":"https:\/\/8-30.pl\/wp-content\/uploads\/2024\/08\/concretne-verde-8.jpeg","type":"image\/jpeg"}],"twitter_card":"summary_large_image","schema":{"@context":"https:\/\/schema.org","@graph":[{"@type":"WebPage","@id":"https:\/\/8-30.pl\/en\/produkt\/concretne-grey-2-kopia-kopia-kopia\/","url":"https:\/\/8-30.pl\/en\/produkt\/concretne-grey-2-kopia-kopia-kopia\/","name":"Concretne Verde - \u00f3sma trzydzie\u015bci","isPartOf":{"@id":"https:\/\/8-30.pl\/en\/#website"},"primaryImageOfPage":{"@id":"https:\/\/8-30.pl\/en\/produkt\/concretne-grey-2-kopia-kopia-kopia\/#primaryimage"},"image":{"@id":"https:\/\/8-30.pl\/en\/produkt\/concretne-grey-2-kopia-kopia-kopia\/#primaryimage"},"thumbnailUrl":"https:\/\/8-30.pl\/wp-content\/uploads\/2024\/08\/concretne-verde-8.jpeg","datePublished":"2024-08-25T09:11:31+00:00","dateModified":"2024-08-26T11:09:48+00:00","breadcrumb":{"@id":"https:\/\/8-30.pl\/en\/produkt\/concretne-grey-2-kopia-kopia-kopia\/#breadcrumb"},"inLanguage":"en-US","potentialAction":[{"@type":"ReadAction","target":["https:\/\/8-30.pl\/en\/produkt\/concretne-grey-2-kopia-kopia-kopia\/"]}]},{"@type":"ImageObject","inLanguage":"en-US","@id":"https:\/\/8-30.pl\/en\/produkt\/concretne-grey-2-kopia-kopia-kopia\/#primaryimage","url":"https:\/\/8-30.pl\/wp-content\/uploads\/2024\/08\/concretne-verde-8.jpeg","contentUrl":"https:\/\/8-30.pl\/wp-content\/uploads\/2024\/08\/concretne-verde-8.jpeg","width":1920,"height":1920},{"@type":"BreadcrumbList","@id":"https:\/\/8-30.pl\/en\/produkt\/concretne-grey-2-kopia-kopia-kopia\/#breadcrumb","itemListElement":[{"@type":"ListItem","position":1,"name":"Strona g\u0142\u00f3wna","item":"https:\/\/8-30.pl\/en\/"},{"@type":"ListItem","position":2,"name":"Shop","item":"https:\/\/8-30.pl\/en\/"},{"@type":"ListItem","position":3,"name":"Concretne Verde"}]},{"@type":"WebSite","@id":"https:\/\/8-30.pl\/en\/#website","url":"https:\/\/8-30.pl\/en\/","name":"\u00f3sma trzydzie\u015bci","description":"Wnosimy \u015bwiat\u0142o i design w Twoje \u017cycie","publisher":{"@id":"https:\/\/8-30.pl\/en\/#organization"},"potentialAction":[{"@type":"SearchAction","target":{"@type":"EntryPoint","urlTemplate":"https:\/\/8-30.pl\/en\/?s={search_term_string}"},"query-input":{"@type":"PropertyValueSpecification","valueRequired":true,"valueName":"search_term_string"}}],"inLanguage":"en-US"},{"@type":"Organization","@id":"https:\/\/8-30.pl\/en\/#organization","name":"\u00f3sma trzydzie\u015bci","url":"https:\/\/8-30.pl\/en\/","logo":{"@type":"ImageObject","inLanguage":"en-US","@id":"https:\/\/8-30.pl\/en\/#\/schema\/logo\/image\/","url":"https:\/\/8-30.pl\/wp-content\/uploads\/2020\/10\/logo_osmatrzydziesci.png","contentUrl":"https:\/\/8-30.pl\/wp-content\/uploads\/2020\/10\/logo_osmatrzydziesci.png","width":512,"height":512,"caption":"\u00f3sma trzydzie\u015bci"},"image":{"@id":"https:\/\/8-30.pl\/en\/#\/schema\/logo\/image\/"},"sameAs":["https:\/\/instagram.com\/osmatrzydziesci\/"]}]}},"jetpack_sharing_enabled":true,"_links":{"self":[{"href":"https:\/\/8-30.pl\/en\/wp-json\/wp\/v2\/product\/8013","targetHints":{"allow":["GET"]}}],"collection":[{"href":"https:\/\/8-30.pl\/en\/wp-json\/wp\/v2\/product"}],"about":[{"href":"https:\/\/8-30.pl\/en\/wp-json\/wp\/v2\/types\/product"}],"wp:featuredmedia":[{"embeddable":true,"href":"https:\/\/8-30.pl\/en\/wp-json\/wp\/v2\/media\/8005"}],"wp:attachment":[{"href":"https:\/\/8-30.pl\/en\/wp-json\/wp\/v2\/media?parent=8013"}],"wp:term":[{"taxonomy":"product_brand","embeddable":true,"href":"https:\/\/8-30.pl\/en\/wp-json\/wp\/v2\/product_brand?post=8013"},{"taxonomy":"product_cat","embeddable":true,"href":"https:\/\/8-30.pl\/en\/wp-json\/wp\/v2\/product_cat?post=8013"},{"taxonomy":"product_tag","embeddable":true,"href":"https:\/\/8-30.pl\/en\/wp-json\/wp\/v2\/product_tag?post=8013"}],"curies":[{"name":"wp","href":"https:\/\/api.w.org\/{rel}","templated":true}]}}