{"id":7807,"date":"2024-06-12T19:25:39","date_gmt":"2024-06-12T19:25:39","guid":{"rendered":"https:\/\/8-30.pl\/?post_type=product&#038;p=7807"},"modified":"2024-08-26T11:03:21","modified_gmt":"2024-08-26T11:03:21","slug":"flower-pendant-rosa","status":"publish","type":"product","link":"https:\/\/8-30.pl\/en\/produkt\/flower-pendant-rosa\/","title":{"rendered":"Flower Pendant Rosa"},"content":{"rendered":"","protected":false},"excerpt":{"rendered":"<p style=\"font-weight: 400;\"><strong>Flower pendant lamp<\/strong><\/p>\n<p style=\"font-weight: 400;\">Lamp printed in 3D? But it looks like glass\u2026 We are proud to introduce you our exceptional project <span style=\"color: #000000;\">Flower<\/span>.  A lamp whose delicate shade is inspired by the shape of a flower bud. Unique design and color cause that <span style=\"color: #000000;\">Flower<\/span> cannot go unnoticed. This lamp is special in many ways!<\/p>\n<p style=\"font-weight: 400;\">Flower lamp was printed in 3D technology! <a href=\"https:\/\/8-30.pl\/o-lampach\/\">Find out more<\/a><\/p>\n<p style=\"font-weight: 400;\">\n","protected":false},"featured_media":7821,"template":"","meta":[],"product_brand":[],"product_cat":[185],"product_tag":[339,342,340,331,341,338,327,343,314,310,322,323,324,344,345,321,325,337,336],"class_list":{"0":"post-7807","1":"product","2":"type-product","3":"status-publish","4":"has-post-thumbnail","6":"product_cat-pendant","7":"product_tag-3d-en","8":"product_tag-3d-printing-en","9":"product_tag-3d-printing","10":"product_tag-concrete-lamp-en","11":"product_tag-designer-lamps","12":"product_tag-desk-lamp","13":"product_tag-interior-lightning-en","14":"product_tag-lamp-design","15":"product_tag-lamps-en","16":"product_tag-lampy-en","17":"product_tag-lampy-wewnetrzne-en","18":"product_tag-light-en","19":"product_tag-lightning-en","20":"product_tag-mint-lamp-en","21":"product_tag-mint-lamp-en-2","22":"product_tag-oswietlenie-en","23":"product_tag-oswietlenie-domu-en","24":"product_tag-table-lamp-en","25":"product_tag-table-lamps","27":"first","28":"instock","29":"taxable","30":"shipping-taxable","31":"purchasable","32":"product-type-simple"},"yoast_head":"<!-- This site is optimized with the Yoast SEO plugin v27.5 - https:\/\/yoast.com\/product\/yoast-seo-wordpress\/ -->\n<title>Flower Pendant Rosa - \u00f3sma trzydzie\u015bci<\/title>\n<meta name=\"robots\" content=\"index, follow, max-snippet:-1, max-image-preview:large, max-video-preview:-1\" \/>\n<link rel=\"canonical\" href=\"https:\/\/8-30.pl\/en\/produkt\/flower-pendant-rosa\/\" \/>\n<meta property=\"og:locale\" content=\"en_US\" \/>\n<meta property=\"og:type\" content=\"article\" \/>\n<meta property=\"og:title\" content=\"Flower Pendant Rosa - \u00f3sma trzydzie\u015bci\" \/>\n<meta property=\"og:description\" content=\"Flower pendant lamp Lamp printed in 3D? But it looks like glass\u2026 We are proud to introduce you our exceptional project Flower. A lamp whose delicate shade is inspired by the shape of a flower bud. Unique design and color cause that Flower cannot go unnoticed. This lamp is special in many ways! Flower lamp was printed in 3D technology! Find out more\" \/>\n<meta property=\"og:url\" content=\"https:\/\/8-30.pl\/en\/produkt\/flower-pendant-rosa\/\" \/>\n<meta property=\"og:site_name\" content=\"\u00f3sma trzydzie\u015bci\" \/>\n<meta property=\"article:modified_time\" content=\"2024-08-26T11:03:21+00:00\" \/>\n<meta property=\"og:image\" content=\"https:\/\/8-30.pl\/wp-content\/uploads\/2024\/06\/Flower-Rosa-Camera-Main_001-16-57-34-1024x1024.png\" \/>\n\t<meta property=\"og:image:width\" content=\"1024\" \/>\n\t<meta property=\"og:image:height\" content=\"1024\" \/>\n\t<meta property=\"og:image:type\" content=\"image\/png\" \/>\n<meta name=\"twitter:card\" content=\"summary_large_image\" \/>\n<meta name=\"twitter:label1\" content=\"Est. reading time\" \/>\n\t<meta name=\"twitter:data1\" content=\"1 minute\" \/>\n<script type=\"application\/ld+json\" class=\"yoast-schema-graph\">{\"@context\":\"https:\\\/\\\/schema.org\",\"@graph\":[{\"@type\":\"WebPage\",\"@id\":\"https:\\\/\\\/8-30.pl\\\/en\\\/produkt\\\/flower-pendant-rosa\\\/\",\"url\":\"https:\\\/\\\/8-30.pl\\\/en\\\/produkt\\\/flower-pendant-rosa\\\/\",\"name\":\"Flower Pendant Rosa - \u00f3sma trzydzie\u015bci\",\"isPartOf\":{\"@id\":\"https:\\\/\\\/8-30.pl\\\/en\\\/#website\"},\"primaryImageOfPage\":{\"@id\":\"https:\\\/\\\/8-30.pl\\\/en\\\/produkt\\\/flower-pendant-rosa\\\/#primaryimage\"},\"image\":{\"@id\":\"https:\\\/\\\/8-30.pl\\\/en\\\/produkt\\\/flower-pendant-rosa\\\/#primaryimage\"},\"thumbnailUrl\":\"https:\\\/\\\/8-30.pl\\\/wp-content\\\/uploads\\\/2024\\\/06\\\/Flower-Rosa-Camera-Main_001-16-57-34.png\",\"datePublished\":\"2024-06-12T19:25:39+00:00\",\"dateModified\":\"2024-08-26T11:03:21+00:00\",\"breadcrumb\":{\"@id\":\"https:\\\/\\\/8-30.pl\\\/en\\\/produkt\\\/flower-pendant-rosa\\\/#breadcrumb\"},\"inLanguage\":\"en-US\",\"potentialAction\":[{\"@type\":\"ReadAction\",\"target\":[\"https:\\\/\\\/8-30.pl\\\/en\\\/produkt\\\/flower-pendant-rosa\\\/\"]}]},{\"@type\":\"ImageObject\",\"inLanguage\":\"en-US\",\"@id\":\"https:\\\/\\\/8-30.pl\\\/en\\\/produkt\\\/flower-pendant-rosa\\\/#primaryimage\",\"url\":\"https:\\\/\\\/8-30.pl\\\/wp-content\\\/uploads\\\/2024\\\/06\\\/Flower-Rosa-Camera-Main_001-16-57-34.png\",\"contentUrl\":\"https:\\\/\\\/8-30.pl\\\/wp-content\\\/uploads\\\/2024\\\/06\\\/Flower-Rosa-Camera-Main_001-16-57-34.png\",\"width\":1920,\"height\":1920},{\"@type\":\"BreadcrumbList\",\"@id\":\"https:\\\/\\\/8-30.pl\\\/en\\\/produkt\\\/flower-pendant-rosa\\\/#breadcrumb\",\"itemListElement\":[{\"@type\":\"ListItem\",\"position\":1,\"name\":\"Strona g\u0142\u00f3wna\",\"item\":\"https:\\\/\\\/8-30.pl\\\/en\\\/\"},{\"@type\":\"ListItem\",\"position\":2,\"name\":\"Shop\",\"item\":\"https:\\\/\\\/8-30.pl\\\/en\\\/\"},{\"@type\":\"ListItem\",\"position\":3,\"name\":\"Flower Pendant Rosa\"}]},{\"@type\":\"WebSite\",\"@id\":\"https:\\\/\\\/8-30.pl\\\/en\\\/#website\",\"url\":\"https:\\\/\\\/8-30.pl\\\/en\\\/\",\"name\":\"\u00f3sma trzydzie\u015bci\",\"description\":\"Wnosimy \u015bwiat\u0142o i design w Twoje \u017cycie\",\"publisher\":{\"@id\":\"https:\\\/\\\/8-30.pl\\\/en\\\/#organization\"},\"potentialAction\":[{\"@type\":\"SearchAction\",\"target\":{\"@type\":\"EntryPoint\",\"urlTemplate\":\"https:\\\/\\\/8-30.pl\\\/en\\\/?s={search_term_string}\"},\"query-input\":{\"@type\":\"PropertyValueSpecification\",\"valueRequired\":true,\"valueName\":\"search_term_string\"}}],\"inLanguage\":\"en-US\"},{\"@type\":\"Organization\",\"@id\":\"https:\\\/\\\/8-30.pl\\\/en\\\/#organization\",\"name\":\"\u00f3sma trzydzie\u015bci\",\"url\":\"https:\\\/\\\/8-30.pl\\\/en\\\/\",\"logo\":{\"@type\":\"ImageObject\",\"inLanguage\":\"en-US\",\"@id\":\"https:\\\/\\\/8-30.pl\\\/en\\\/#\\\/schema\\\/logo\\\/image\\\/\",\"url\":\"https:\\\/\\\/8-30.pl\\\/wp-content\\\/uploads\\\/2020\\\/10\\\/logo_osmatrzydziesci.png\",\"contentUrl\":\"https:\\\/\\\/8-30.pl\\\/wp-content\\\/uploads\\\/2020\\\/10\\\/logo_osmatrzydziesci.png\",\"width\":512,\"height\":512,\"caption\":\"\u00f3sma trzydzie\u015bci\"},\"image\":{\"@id\":\"https:\\\/\\\/8-30.pl\\\/en\\\/#\\\/schema\\\/logo\\\/image\\\/\"},\"sameAs\":[\"https:\\\/\\\/instagram.com\\\/osmatrzydziesci\\\/\"]}]}<\/script>\n<!-- \/ Yoast SEO plugin. -->","yoast_head_json":{"title":"Flower Pendant Rosa - \u00f3sma trzydzie\u015bci","robots":{"index":"index","follow":"follow","max-snippet":"max-snippet:-1","max-image-preview":"max-image-preview:large","max-video-preview":"max-video-preview:-1"},"canonical":"https:\/\/8-30.pl\/en\/produkt\/flower-pendant-rosa\/","og_locale":"en_US","og_type":"article","og_title":"Flower Pendant Rosa - \u00f3sma trzydzie\u015bci","og_description":"Flower pendant lamp Lamp printed in 3D? But it looks like glass\u2026 We are proud to introduce you our exceptional project Flower. A lamp whose delicate shade is inspired by the shape of a flower bud. Unique design and color cause that Flower cannot go unnoticed. This lamp is special in many ways! Flower lamp was printed in 3D technology! Find out more","og_url":"https:\/\/8-30.pl\/en\/produkt\/flower-pendant-rosa\/","og_site_name":"\u00f3sma trzydzie\u015bci","article_modified_time":"2024-08-26T11:03:21+00:00","og_image":[{"width":1024,"height":1024,"url":"https:\/\/8-30.pl\/wp-content\/uploads\/2024\/06\/Flower-Rosa-Camera-Main_001-16-57-34-1024x1024.png","type":"image\/png"}],"twitter_card":"summary_large_image","twitter_misc":{"Est. reading time":"1 minute"},"schema":{"@context":"https:\/\/schema.org","@graph":[{"@type":"WebPage","@id":"https:\/\/8-30.pl\/en\/produkt\/flower-pendant-rosa\/","url":"https:\/\/8-30.pl\/en\/produkt\/flower-pendant-rosa\/","name":"Flower Pendant Rosa - \u00f3sma trzydzie\u015bci","isPartOf":{"@id":"https:\/\/8-30.pl\/en\/#website"},"primaryImageOfPage":{"@id":"https:\/\/8-30.pl\/en\/produkt\/flower-pendant-rosa\/#primaryimage"},"image":{"@id":"https:\/\/8-30.pl\/en\/produkt\/flower-pendant-rosa\/#primaryimage"},"thumbnailUrl":"https:\/\/8-30.pl\/wp-content\/uploads\/2024\/06\/Flower-Rosa-Camera-Main_001-16-57-34.png","datePublished":"2024-06-12T19:25:39+00:00","dateModified":"2024-08-26T11:03:21+00:00","breadcrumb":{"@id":"https:\/\/8-30.pl\/en\/produkt\/flower-pendant-rosa\/#breadcrumb"},"inLanguage":"en-US","potentialAction":[{"@type":"ReadAction","target":["https:\/\/8-30.pl\/en\/produkt\/flower-pendant-rosa\/"]}]},{"@type":"ImageObject","inLanguage":"en-US","@id":"https:\/\/8-30.pl\/en\/produkt\/flower-pendant-rosa\/#primaryimage","url":"https:\/\/8-30.pl\/wp-content\/uploads\/2024\/06\/Flower-Rosa-Camera-Main_001-16-57-34.png","contentUrl":"https:\/\/8-30.pl\/wp-content\/uploads\/2024\/06\/Flower-Rosa-Camera-Main_001-16-57-34.png","width":1920,"height":1920},{"@type":"BreadcrumbList","@id":"https:\/\/8-30.pl\/en\/produkt\/flower-pendant-rosa\/#breadcrumb","itemListElement":[{"@type":"ListItem","position":1,"name":"Strona g\u0142\u00f3wna","item":"https:\/\/8-30.pl\/en\/"},{"@type":"ListItem","position":2,"name":"Shop","item":"https:\/\/8-30.pl\/en\/"},{"@type":"ListItem","position":3,"name":"Flower Pendant Rosa"}]},{"@type":"WebSite","@id":"https:\/\/8-30.pl\/en\/#website","url":"https:\/\/8-30.pl\/en\/","name":"\u00f3sma trzydzie\u015bci","description":"Wnosimy \u015bwiat\u0142o i design w Twoje \u017cycie","publisher":{"@id":"https:\/\/8-30.pl\/en\/#organization"},"potentialAction":[{"@type":"SearchAction","target":{"@type":"EntryPoint","urlTemplate":"https:\/\/8-30.pl\/en\/?s={search_term_string}"},"query-input":{"@type":"PropertyValueSpecification","valueRequired":true,"valueName":"search_term_string"}}],"inLanguage":"en-US"},{"@type":"Organization","@id":"https:\/\/8-30.pl\/en\/#organization","name":"\u00f3sma trzydzie\u015bci","url":"https:\/\/8-30.pl\/en\/","logo":{"@type":"ImageObject","inLanguage":"en-US","@id":"https:\/\/8-30.pl\/en\/#\/schema\/logo\/image\/","url":"https:\/\/8-30.pl\/wp-content\/uploads\/2020\/10\/logo_osmatrzydziesci.png","contentUrl":"https:\/\/8-30.pl\/wp-content\/uploads\/2020\/10\/logo_osmatrzydziesci.png","width":512,"height":512,"caption":"\u00f3sma trzydzie\u015bci"},"image":{"@id":"https:\/\/8-30.pl\/en\/#\/schema\/logo\/image\/"},"sameAs":["https:\/\/instagram.com\/osmatrzydziesci\/"]}]}},"jetpack_sharing_enabled":true,"_links":{"self":[{"href":"https:\/\/8-30.pl\/en\/wp-json\/wp\/v2\/product\/7807","targetHints":{"allow":["GET"]}}],"collection":[{"href":"https:\/\/8-30.pl\/en\/wp-json\/wp\/v2\/product"}],"about":[{"href":"https:\/\/8-30.pl\/en\/wp-json\/wp\/v2\/types\/product"}],"wp:featuredmedia":[{"embeddable":true,"href":"https:\/\/8-30.pl\/en\/wp-json\/wp\/v2\/media\/7821"}],"wp:attachment":[{"href":"https:\/\/8-30.pl\/en\/wp-json\/wp\/v2\/media?parent=7807"}],"wp:term":[{"taxonomy":"product_brand","embeddable":true,"href":"https:\/\/8-30.pl\/en\/wp-json\/wp\/v2\/product_brand?post=7807"},{"taxonomy":"product_cat","embeddable":true,"href":"https:\/\/8-30.pl\/en\/wp-json\/wp\/v2\/product_cat?post=7807"},{"taxonomy":"product_tag","embeddable":true,"href":"https:\/\/8-30.pl\/en\/wp-json\/wp\/v2\/product_tag?post=7807"}],"curies":[{"name":"wp","href":"https:\/\/api.w.org\/{rel}","templated":true}]}}