{"id":6352,"date":"2022-12-30T17:03:15","date_gmt":"2022-12-30T17:03:15","guid":{"rendered":"https:\/\/8-30.pl\/?post_type=product&#038;p=6352"},"modified":"2023-01-26T17:31:02","modified_gmt":"2023-01-26T17:31:02","slug":"concretne-blue-2","status":"publish","type":"product","link":"https:\/\/8-30.pl\/en\/produkt\/concretne-blue-2\/","title":{"rendered":"Concretne Blue 2"},"content":{"rendered":"","protected":false},"excerpt":{"rendered":"<h4>Minimalistic concrete pendant lamp \u2013 blue<\/h4>\n<p>Made of mineral concrete with blue pigment. Simple lamp without a shade. It can be installed traditionally to the ceiling or on the walls using decorative handles, railings, etc. This way hanging lamp Concretne beside fulfilling its basic role of lighting, it is also an excellent element of interior decoration. The process of concrete hardens results in the fact that each lamp has its own unique structure.    <\/p>\n<p><strong>Choose your cable color that will make your lamp even more unique.<\/strong><\/p>\n","protected":false},"featured_media":6543,"template":"","meta":[],"product_brand":[],"product_cat":[185],"product_tag":[318,317,316,327,313,314,310,311,326,322,312,323,324,320,319,321,325,315],"class_list":{"0":"post-6352","1":"product","2":"type-product","3":"status-publish","4":"has-post-thumbnail","6":"product_cat-pendant","7":"product_tag-beton-en","8":"product_tag-concrete-en","9":"product_tag-concrete-lamps-en","10":"product_tag-interior-lightning-en","11":"product_tag-lampa-niebieska-en","12":"product_tag-lamps-en","13":"product_tag-lampy-en","14":"product_tag-lampy-betonowe-en","15":"product_tag-lampy-sufitowe-en","16":"product_tag-lampy-wewnetrzne-en","17":"product_tag-lampy-wiszace-en","18":"product_tag-light-en","19":"product_tag-lightning-en","20":"product_tag-loft-en","21":"product_tag-minimalistyczne-lampy-en","22":"product_tag-oswietlenie-en","23":"product_tag-oswietlenie-domu-en","24":"product_tag-pendant-lamps-en","26":"first","27":"instock","28":"taxable","29":"shipping-taxable","30":"purchasable","31":"product-type-simple"},"yoast_head":"<!-- This site is optimized with the Yoast SEO plugin v27.5 - https:\/\/yoast.com\/product\/yoast-seo-wordpress\/ -->\n<title>Concretne Blue 2 - \u00f3sma trzydzie\u015bci<\/title>\n<meta name=\"robots\" content=\"index, follow, max-snippet:-1, max-image-preview:large, max-video-preview:-1\" \/>\n<link rel=\"canonical\" href=\"https:\/\/8-30.pl\/en\/produkt\/concretne-blue-2\/\" \/>\n<meta property=\"og:locale\" content=\"en_US\" \/>\n<meta property=\"og:type\" content=\"article\" \/>\n<meta property=\"og:title\" content=\"Concretne Blue 2 - \u00f3sma trzydzie\u015bci\" \/>\n<meta property=\"og:description\" content=\"Minimalistic concrete pendant lamp \u2013 blue Made of mineral concrete with blue pigment. Simple lamp without a shade. It can be installed traditionally to the ceiling or on the walls using decorative handles, railings, etc. This way hanging lamp Concretne beside fulfilling its basic role of lighting, it is also an excellent element of interior decoration. The process of concrete hardens results in the fact that each lamp has its own unique structure.   Choose your cable color that will make your lamp even more unique.\" \/>\n<meta property=\"og:url\" content=\"https:\/\/8-30.pl\/en\/produkt\/concretne-blue-2\/\" \/>\n<meta property=\"og:site_name\" content=\"\u00f3sma trzydzie\u015bci\" \/>\n<meta property=\"article:modified_time\" content=\"2023-01-26T17:31:02+00:00\" \/>\n<meta property=\"og:image\" content=\"https:\/\/8-30.pl\/wp-content\/uploads\/2022\/12\/concretne-blue-8.jpg\" \/>\n\t<meta property=\"og:image:width\" content=\"2356\" \/>\n\t<meta property=\"og:image:height\" content=\"2356\" \/>\n\t<meta property=\"og:image:type\" content=\"image\/jpeg\" \/>\n<meta name=\"twitter:card\" content=\"summary_large_image\" \/>\n<script type=\"application\/ld+json\" class=\"yoast-schema-graph\">{\"@context\":\"https:\\\/\\\/schema.org\",\"@graph\":[{\"@type\":\"WebPage\",\"@id\":\"https:\\\/\\\/8-30.pl\\\/en\\\/produkt\\\/concretne-blue-2\\\/\",\"url\":\"https:\\\/\\\/8-30.pl\\\/en\\\/produkt\\\/concretne-blue-2\\\/\",\"name\":\"Concretne Blue 2 - \u00f3sma trzydzie\u015bci\",\"isPartOf\":{\"@id\":\"https:\\\/\\\/8-30.pl\\\/en\\\/#website\"},\"primaryImageOfPage\":{\"@id\":\"https:\\\/\\\/8-30.pl\\\/en\\\/produkt\\\/concretne-blue-2\\\/#primaryimage\"},\"image\":{\"@id\":\"https:\\\/\\\/8-30.pl\\\/en\\\/produkt\\\/concretne-blue-2\\\/#primaryimage\"},\"thumbnailUrl\":\"https:\\\/\\\/8-30.pl\\\/wp-content\\\/uploads\\\/2022\\\/12\\\/concretne-blue-8.jpg\",\"datePublished\":\"2022-12-30T17:03:15+00:00\",\"dateModified\":\"2023-01-26T17:31:02+00:00\",\"breadcrumb\":{\"@id\":\"https:\\\/\\\/8-30.pl\\\/en\\\/produkt\\\/concretne-blue-2\\\/#breadcrumb\"},\"inLanguage\":\"en-US\",\"potentialAction\":[{\"@type\":\"ReadAction\",\"target\":[\"https:\\\/\\\/8-30.pl\\\/en\\\/produkt\\\/concretne-blue-2\\\/\"]}]},{\"@type\":\"ImageObject\",\"inLanguage\":\"en-US\",\"@id\":\"https:\\\/\\\/8-30.pl\\\/en\\\/produkt\\\/concretne-blue-2\\\/#primaryimage\",\"url\":\"https:\\\/\\\/8-30.pl\\\/wp-content\\\/uploads\\\/2022\\\/12\\\/concretne-blue-8.jpg\",\"contentUrl\":\"https:\\\/\\\/8-30.pl\\\/wp-content\\\/uploads\\\/2022\\\/12\\\/concretne-blue-8.jpg\",\"width\":2356,\"height\":2356},{\"@type\":\"BreadcrumbList\",\"@id\":\"https:\\\/\\\/8-30.pl\\\/en\\\/produkt\\\/concretne-blue-2\\\/#breadcrumb\",\"itemListElement\":[{\"@type\":\"ListItem\",\"position\":1,\"name\":\"Strona g\u0142\u00f3wna\",\"item\":\"https:\\\/\\\/8-30.pl\\\/en\\\/\"},{\"@type\":\"ListItem\",\"position\":2,\"name\":\"Shop\",\"item\":\"https:\\\/\\\/8-30.pl\\\/en\\\/\"},{\"@type\":\"ListItem\",\"position\":3,\"name\":\"Concretne Blue 2\"}]},{\"@type\":\"WebSite\",\"@id\":\"https:\\\/\\\/8-30.pl\\\/en\\\/#website\",\"url\":\"https:\\\/\\\/8-30.pl\\\/en\\\/\",\"name\":\"\u00f3sma trzydzie\u015bci\",\"description\":\"Wnosimy \u015bwiat\u0142o i design w Twoje \u017cycie\",\"publisher\":{\"@id\":\"https:\\\/\\\/8-30.pl\\\/en\\\/#organization\"},\"potentialAction\":[{\"@type\":\"SearchAction\",\"target\":{\"@type\":\"EntryPoint\",\"urlTemplate\":\"https:\\\/\\\/8-30.pl\\\/en\\\/?s={search_term_string}\"},\"query-input\":{\"@type\":\"PropertyValueSpecification\",\"valueRequired\":true,\"valueName\":\"search_term_string\"}}],\"inLanguage\":\"en-US\"},{\"@type\":\"Organization\",\"@id\":\"https:\\\/\\\/8-30.pl\\\/en\\\/#organization\",\"name\":\"\u00f3sma trzydzie\u015bci\",\"url\":\"https:\\\/\\\/8-30.pl\\\/en\\\/\",\"logo\":{\"@type\":\"ImageObject\",\"inLanguage\":\"en-US\",\"@id\":\"https:\\\/\\\/8-30.pl\\\/en\\\/#\\\/schema\\\/logo\\\/image\\\/\",\"url\":\"https:\\\/\\\/8-30.pl\\\/wp-content\\\/uploads\\\/2020\\\/10\\\/logo_osmatrzydziesci.png\",\"contentUrl\":\"https:\\\/\\\/8-30.pl\\\/wp-content\\\/uploads\\\/2020\\\/10\\\/logo_osmatrzydziesci.png\",\"width\":512,\"height\":512,\"caption\":\"\u00f3sma trzydzie\u015bci\"},\"image\":{\"@id\":\"https:\\\/\\\/8-30.pl\\\/en\\\/#\\\/schema\\\/logo\\\/image\\\/\"},\"sameAs\":[\"https:\\\/\\\/instagram.com\\\/osmatrzydziesci\\\/\"]}]}<\/script>\n<!-- \/ Yoast SEO plugin. -->","yoast_head_json":{"title":"Concretne Blue 2 - \u00f3sma trzydzie\u015bci","robots":{"index":"index","follow":"follow","max-snippet":"max-snippet:-1","max-image-preview":"max-image-preview:large","max-video-preview":"max-video-preview:-1"},"canonical":"https:\/\/8-30.pl\/en\/produkt\/concretne-blue-2\/","og_locale":"en_US","og_type":"article","og_title":"Concretne Blue 2 - \u00f3sma trzydzie\u015bci","og_description":"Minimalistic concrete pendant lamp \u2013 blue Made of mineral concrete with blue pigment. Simple lamp without a shade. It can be installed traditionally to the ceiling or on the walls using decorative handles, railings, etc. This way hanging lamp Concretne beside fulfilling its basic role of lighting, it is also an excellent element of interior decoration. The process of concrete hardens results in the fact that each lamp has its own unique structure.   Choose your cable color that will make your lamp even more unique.","og_url":"https:\/\/8-30.pl\/en\/produkt\/concretne-blue-2\/","og_site_name":"\u00f3sma trzydzie\u015bci","article_modified_time":"2023-01-26T17:31:02+00:00","og_image":[{"width":2356,"height":2356,"url":"https:\/\/8-30.pl\/wp-content\/uploads\/2022\/12\/concretne-blue-8.jpg","type":"image\/jpeg"}],"twitter_card":"summary_large_image","schema":{"@context":"https:\/\/schema.org","@graph":[{"@type":"WebPage","@id":"https:\/\/8-30.pl\/en\/produkt\/concretne-blue-2\/","url":"https:\/\/8-30.pl\/en\/produkt\/concretne-blue-2\/","name":"Concretne Blue 2 - \u00f3sma trzydzie\u015bci","isPartOf":{"@id":"https:\/\/8-30.pl\/en\/#website"},"primaryImageOfPage":{"@id":"https:\/\/8-30.pl\/en\/produkt\/concretne-blue-2\/#primaryimage"},"image":{"@id":"https:\/\/8-30.pl\/en\/produkt\/concretne-blue-2\/#primaryimage"},"thumbnailUrl":"https:\/\/8-30.pl\/wp-content\/uploads\/2022\/12\/concretne-blue-8.jpg","datePublished":"2022-12-30T17:03:15+00:00","dateModified":"2023-01-26T17:31:02+00:00","breadcrumb":{"@id":"https:\/\/8-30.pl\/en\/produkt\/concretne-blue-2\/#breadcrumb"},"inLanguage":"en-US","potentialAction":[{"@type":"ReadAction","target":["https:\/\/8-30.pl\/en\/produkt\/concretne-blue-2\/"]}]},{"@type":"ImageObject","inLanguage":"en-US","@id":"https:\/\/8-30.pl\/en\/produkt\/concretne-blue-2\/#primaryimage","url":"https:\/\/8-30.pl\/wp-content\/uploads\/2022\/12\/concretne-blue-8.jpg","contentUrl":"https:\/\/8-30.pl\/wp-content\/uploads\/2022\/12\/concretne-blue-8.jpg","width":2356,"height":2356},{"@type":"BreadcrumbList","@id":"https:\/\/8-30.pl\/en\/produkt\/concretne-blue-2\/#breadcrumb","itemListElement":[{"@type":"ListItem","position":1,"name":"Strona g\u0142\u00f3wna","item":"https:\/\/8-30.pl\/en\/"},{"@type":"ListItem","position":2,"name":"Shop","item":"https:\/\/8-30.pl\/en\/"},{"@type":"ListItem","position":3,"name":"Concretne Blue 2"}]},{"@type":"WebSite","@id":"https:\/\/8-30.pl\/en\/#website","url":"https:\/\/8-30.pl\/en\/","name":"\u00f3sma trzydzie\u015bci","description":"Wnosimy \u015bwiat\u0142o i design w Twoje \u017cycie","publisher":{"@id":"https:\/\/8-30.pl\/en\/#organization"},"potentialAction":[{"@type":"SearchAction","target":{"@type":"EntryPoint","urlTemplate":"https:\/\/8-30.pl\/en\/?s={search_term_string}"},"query-input":{"@type":"PropertyValueSpecification","valueRequired":true,"valueName":"search_term_string"}}],"inLanguage":"en-US"},{"@type":"Organization","@id":"https:\/\/8-30.pl\/en\/#organization","name":"\u00f3sma trzydzie\u015bci","url":"https:\/\/8-30.pl\/en\/","logo":{"@type":"ImageObject","inLanguage":"en-US","@id":"https:\/\/8-30.pl\/en\/#\/schema\/logo\/image\/","url":"https:\/\/8-30.pl\/wp-content\/uploads\/2020\/10\/logo_osmatrzydziesci.png","contentUrl":"https:\/\/8-30.pl\/wp-content\/uploads\/2020\/10\/logo_osmatrzydziesci.png","width":512,"height":512,"caption":"\u00f3sma trzydzie\u015bci"},"image":{"@id":"https:\/\/8-30.pl\/en\/#\/schema\/logo\/image\/"},"sameAs":["https:\/\/instagram.com\/osmatrzydziesci\/"]}]}},"jetpack_sharing_enabled":true,"_links":{"self":[{"href":"https:\/\/8-30.pl\/en\/wp-json\/wp\/v2\/product\/6352","targetHints":{"allow":["GET"]}}],"collection":[{"href":"https:\/\/8-30.pl\/en\/wp-json\/wp\/v2\/product"}],"about":[{"href":"https:\/\/8-30.pl\/en\/wp-json\/wp\/v2\/types\/product"}],"wp:featuredmedia":[{"embeddable":true,"href":"https:\/\/8-30.pl\/en\/wp-json\/wp\/v2\/media\/6543"}],"wp:attachment":[{"href":"https:\/\/8-30.pl\/en\/wp-json\/wp\/v2\/media?parent=6352"}],"wp:term":[{"taxonomy":"product_brand","embeddable":true,"href":"https:\/\/8-30.pl\/en\/wp-json\/wp\/v2\/product_brand?post=6352"},{"taxonomy":"product_cat","embeddable":true,"href":"https:\/\/8-30.pl\/en\/wp-json\/wp\/v2\/product_cat?post=6352"},{"taxonomy":"product_tag","embeddable":true,"href":"https:\/\/8-30.pl\/en\/wp-json\/wp\/v2\/product_tag?post=6352"}],"curies":[{"name":"wp","href":"https:\/\/api.w.org\/{rel}","templated":true}]}}